{"id":1292,"date":"2023-08-22T19:00:46","date_gmt":"2023-08-22T17:00:46","guid":{"rendered":"https:\/\/fundatiafratila.ro\/?page_id=1292"},"modified":"2023-08-22T19:07:00","modified_gmt":"2023-08-22T17:07:00","slug":"cresterea-capacitatii-societatii-civile-din-tara-fagarasului","status":"publish","type":"page","link":"https:\/\/fundatiafratila.ro\/index.php\/cresterea-capacitatii-societatii-civile-din-tara-fagarasului\/","title":{"rendered":"Cre\u0219terea capacit\u0103\u021bii societ\u0103\u021bii civile din \u021aara F\u0103g\u0103ra\u0219ului"},"content":{"rendered":"<p><img loading=\"lazy\" decoding=\"async\" class=\"alignnone size-medium wp-image-1293 alignleft\" src=\"https:\/\/fundatiafratila.ro\/wp-content\/uploads\/2023\/08\/image-icf-11391-300x178.jpg\" alt=\"\" width=\"300\" height=\"178\" srcset=\"https:\/\/fundatiafratila.ro\/wp-content\/uploads\/2023\/08\/image-icf-11391-300x178.jpg 300w, https:\/\/fundatiafratila.ro\/wp-content\/uploads\/2023\/08\/image-icf-11391.jpg 750w\" sizes=\"auto, (max-width: 300px) 100vw, 300px\" \/>Dup\u0103 mai bine de 30 de ani de la c\u0103derea regimului comunist societatea civil\u0103 din zonele rurale \u0219i ora\u0219ele mici din Rom\u00e2nia este \u00een continuare \u00eentr-un stadiu de dezvoltare incipient, ast\u0103zi afectat substan\u021bial de de pandemia COVID-19. Cercetarea noastr\u0103 face parte dintr-un efort mai amplu condus de Funda\u021bia Comunitar\u0103 \u021aara F\u0103g\u0103ra\u0219ului, de a dezvolta un mecanism care s\u0103 \u00eembun\u0103t\u0103\u021beasc\u0103 continuu capacitatea societ\u0103\u021bii civice din zon\u0103 \u0219i s\u0103 implice peste 100 de ini\u021biative civice locale \u00eentr-un proces, adaptat nevoilor lor specifice \u0219i menit s\u0103 le sporeasc\u0103 capacitatea \u0219i durabilitatea pentru a lucra \u00eempreun\u0103 pentru o Europ\u0103 verde, competitiv\u0103 \u0219i incluziv\u0103.<\/p>\n<p>&nbsp;<\/p>\n<p>&nbsp;<\/p>\n<p><img loading=\"lazy\" decoding=\"async\" class=\"size-full wp-image-1294 alignleft\" src=\"https:\/\/fundatiafratila.ro\/wp-content\/uploads\/2023\/08\/dez_soc_civile-300x2421-1.png\" alt=\"\" width=\"300\" height=\"242\" \/>Scopul proiectului este de a oferi ONG-urilor din \u021aara F\u0103g\u0103ra\u0219ului oportunit\u0103\u021bi pentru cre\u0219terea capacit\u0103\u021bii organiza\u021bionale. Primele etape prev\u0103d maparea societ\u0103\u021bii civile din regiune \u0219i crearea a dou\u0103 hub-uri (centre de resurse) care s\u0103 deserveasc\u0103 \u021aara F\u0103g\u0103ra\u0219ului pe termen lung.<\/p>\n<p>&nbsp;<\/p>\n<p>&nbsp;<\/p>\n<p>&nbsp;<\/p>\n<p>&nbsp;<\/p>\n<p>&nbsp;<\/p>\n<p>\u00centre activit\u0103\u021bile care vor fi oferite organiza\u021biilor neguvernamentale din zon\u0103 se num\u0103r\u0103:<\/p>\n<ul>\n<li aria-level=\"1\">cursuri de formare pe teme ce \u021bin de managementul \u0219i guvernan\u021ba organiza\u021bional\u0103;<\/li>\n<\/ul>\n<ul>\n<li aria-level=\"1\">facilitarea unui dialog \u00eentre ONG-urile din zon\u0103;<\/li>\n<\/ul>\n<ul>\n<li aria-level=\"1\">acces la experien\u021be de \u00eenv\u0103\u021bare \u0219i colaborare;<\/li>\n<\/ul>\n<ul>\n<li aria-level=\"1\">conturarea unei re\u021bele a organiza\u021biilor neguvernamentale din zon\u0103 \u0219i sprijin pentru colaborare \u00een cadrul re\u021belei;<\/li>\n<\/ul>\n<ul>\n<li aria-level=\"1\">acces la spa\u021bii comune de lucru \u0219i resurse de \u00eenv\u0103\u021bare dedicate organiza\u021biilor societ\u0103\u021bii civile.<\/li>\n<\/ul>\n<p>Organiza\u021biile neguvernamentale permit persoanelor care \u021bin la comunitatea lor s\u0103 contribuie activ la via\u021ba comunit\u0103\u021bii. Fie ca vorbim de o educa\u021bie mai bun\u0103, de un sistem de s\u0103n\u0103tate mai performant, de un mediu de afaceri mai dezvoltat, sau de sus\u021binere pentru persoanele care \u00eent\u00e2mpin\u0103 provoc\u0103ri sociale, societatea civil\u0103 este cuv\u00e2ntul cheie pentru ca noi to\u021bi s\u0103 construim comunit\u0103\u021bile pe care ni le dorim \u00een \u021aara F\u0103g\u0103ra\u0219ului. Tocmai de aceea, proiectul pentru dezvoltarea capacit\u0103\u021bii ONG-urilor din \u021aara F\u0103g\u0103ra\u0219ului \u00ee\u0219i propune s\u0103 \u00eenceap\u0103 cu o analiz\u0103 a societ\u0103\u021bii civile din zon\u0103.<\/p>\n<p>Despre programul Active Citizens Fund Rom\u00e2nia<\/p>\n<p>Programul Active Citizens Fund Rom\u00e2nia este finan\u021bat prin Granturile SEE 2014-2021.<\/p>\n<p>Obiectivul general al Granturilor este reducerea disparit\u0103\u021bilor economice \u0219i sociale \u0219i consolidarea rela\u021biilor bilaterale dintre cele 15 state beneficiare \u0219i donatoare (Islanda, Liechtenstein, Norvegia). Programul este administrat de consor\u021biul Funda\u021biei pentru Dezvoltarea Societ\u0103\u021bii Civile, Funda\u021bia Partnership, Centrul de Resurse pentru Comunit\u0103\u021bile de Romi, Funda\u021bia PACT \u0219i Frivillighet Norge, care ac\u021bioneaz\u0103 ca un Operator de Fond desemnat de FMO &#8211; Grants Financial Mechanism Office EEA \u0219i Norvegia.<\/p>\n<p>Active Citizens Fund Rom\u00e2nia \u00ee\u0219i propune s\u0103 consolideze societatea civil\u0103 \u0219i cet\u0103\u021benia activ\u0103 \u0219i s\u0103 creasc\u0103 capacitatea grupurilor vulnerabile. Cu o alocare total\u0103 de 46.000.000 EUR, programul \u00ee\u0219i propune s\u0103 dezvolte sustenabilitatea \u0219i capacitatea pe termen lung a sectorului societ\u0103\u021bii civile, intensific\u00e2ndu-\u0219i rolul \u00een promovarea particip\u0103rii democratice, a cet\u0103\u021beniei active \u0219i a drepturilor omului, consolid\u00e2nd \u00een acela\u0219i timp rela\u021biile bilaterale cu statele donatoare, Islanda, Liechtenstein \u0219i Norvegia. Pentru mai multe informa\u021bii despre Active Citizens Fund din Rom\u00e2nia, v\u0103 rug\u0103m s\u0103 vizita\u021bi www.activecitizensfund.ro. Pentru mai multe informa\u021bii despre Granturile SEE \u0219i Norvegiene, vizita\u021bi www.eeagrants.ro.<\/p>\n<p><i>Durata proiectului este octombrie 2021 &#8211; aprilie 2024\u00a0<\/i><\/p>\n<p><i>Proiectul \u201cDezvoltarea capacit\u0103\u021bii ONG-urilor din \u021aara F\u0103g\u0103ra\u0219ului\u201d este derulat de Funda\u021bia Comunitar\u0103 \u021aara F\u0103g\u0103ra\u0219ului \u00een parteneriat cu Institutul\u00a0 de Cercetare F\u0103g\u0103ra\u0219 \u0219i Funda\u021bia Mihai \u0219i Maria Fr\u0103\u021bil\u0103 \u0219i este finan\u021bat prin programul Active Citizens Fund, finan\u021bat de Islanda, Liechtenstein \u0219i Norvegia, prin Granturile SEE 2014 &#8211; 2021.<\/i><\/p>\n<p><i>#haide #ActiveCitizensFund #Romania #activecitizens #EEANorwayGrants #FCTF #ICF #FMMF<\/i><\/p>\n<p class=\"widget-title\"><strong>ECHIP\u0102<\/strong><\/p>\n<p><strong>\u0218tefan Cibian \u0219i Carmen Toma<\/strong><\/p>\n","protected":false},"excerpt":{"rendered":"<p>Dup\u0103 mai bine de 30 de ani de la c\u0103derea regimului comunist societatea civil\u0103 din zonele rurale \u0219i ora\u0219ele mici din Rom\u00e2nia este \u00een continuare \u00eentr-un stadiu de dezvoltare incipient, ast\u0103zi afectat substan\u021bial de de pandemia COVID-19. Cercetarea noastr\u0103 face parte dintr-un efort mai amplu condus de Funda\u021bia Comunitar\u0103 \u021aara&#8230;<\/p>\n","protected":false},"author":1,"featured_media":1244,"parent":0,"menu_order":0,"comment_status":"closed","ping_status":"closed","template":"templates\/full-width-page.php","meta":{"give_campaign_id":0,"footnotes":""},"class_list":["post-1292","page","type-page","status-publish","has-post-thumbnail","hentry"],"campaignId":"","_links":{"self":[{"href":"https:\/\/fundatiafratila.ro\/index.php\/wp-json\/wp\/v2\/pages\/1292","targetHints":{"allow":["GET"]}}],"collection":[{"href":"https:\/\/fundatiafratila.ro\/index.php\/wp-json\/wp\/v2\/pages"}],"about":[{"href":"https:\/\/fundatiafratila.ro\/index.php\/wp-json\/wp\/v2\/types\/page"}],"author":[{"embeddable":true,"href":"https:\/\/fundatiafratila.ro\/index.php\/wp-json\/wp\/v2\/users\/1"}],"replies":[{"embeddable":true,"href":"https:\/\/fundatiafratila.ro\/index.php\/wp-json\/wp\/v2\/comments?post=1292"}],"version-history":[{"count":1,"href":"https:\/\/fundatiafratila.ro\/index.php\/wp-json\/wp\/v2\/pages\/1292\/revisions"}],"predecessor-version":[{"id":1295,"href":"https:\/\/fundatiafratila.ro\/index.php\/wp-json\/wp\/v2\/pages\/1292\/revisions\/1295"}],"wp:featuredmedia":[{"embeddable":true,"href":"https:\/\/fundatiafratila.ro\/index.php\/wp-json\/wp\/v2\/media\/1244"}],"wp:attachment":[{"href":"https:\/\/fundatiafratila.ro\/index.php\/wp-json\/wp\/v2\/media?parent=1292"}],"curies":[{"name":"wp","href":"https:\/\/api.w.org\/{rel}","templated":true}]}}